{"id":1218,"date":"2017-07-10T13:06:14","date_gmt":"2017-07-10T13:06:14","guid":{"rendered":"https:\/\/classgo.com\/it\/servizi\/"},"modified":"2025-02-04T23:38:41","modified_gmt":"2025-02-04T23:38:41","slug":"servizi","status":"publish","type":"page","link":"https:\/\/classgo.com\/it\/servizi\/","title":{"rendered":"Servizi"},"content":{"rendered":"\t\t<div data-elementor-type=\"wp-page\" data-elementor-id=\"1218\" class=\"elementor elementor-1218\" data-elementor-post-type=\"page\">\n\t\t\t\t\t\t<section class=\"elementor-section elementor-top-section elementor-element elementor-element-4ae22bd elementor-section-boxed elementor-section-height-default elementor-section-height-default\" data-id=\"4ae22bd\" data-element_type=\"section\" data-settings=\"{&quot;background_background&quot;:&quot;classic&quot;}\">\n\t\t\t\t\t\t<div class=\"elementor-container elementor-column-gap-default\">\n\t\t\t\t\t<div class=\"elementor-column elementor-col-100 elementor-top-column elementor-element elementor-element-c709323\" data-id=\"c709323\" data-element_type=\"column\">\n\t\t\t<div class=\"elementor-widget-wrap elementor-element-populated\">\n\t\t\t\t\t\t<div class=\"elementor-element elementor-element-d0e9deb elementor-widget elementor-widget-spacer\" data-id=\"d0e9deb\" data-element_type=\"widget\" data-widget_type=\"spacer.default\">\n\t\t\t\t\t\t\t<div class=\"elementor-spacer\">\n\t\t\t<div class=\"elementor-spacer-inner\"><\/div>\n\t\t<\/div>\n\t\t\t\t\t\t<\/div>\n\t\t\t\t<section class=\"elementor-section elementor-inner-section elementor-element elementor-element-2380206 elementor-section-boxed elementor-section-height-default elementor-section-height-default\" data-id=\"2380206\" data-element_type=\"section\">\n\t\t\t\t\t\t<div class=\"elementor-container elementor-column-gap-default\">\n\t\t\t\t\t<div class=\"elementor-column elementor-col-33 elementor-inner-column elementor-element elementor-element-c40b5e6\" data-id=\"c40b5e6\" data-element_type=\"column\">\n\t\t\t<div class=\"elementor-widget-wrap\">\n\t\t\t\t\t\t\t<\/div>\n\t\t<\/div>\n\t\t\t\t<div class=\"elementor-column elementor-col-33 elementor-inner-column elementor-element elementor-element-bad084b\" data-id=\"bad084b\" data-element_type=\"column\" data-settings=\"{&quot;background_background&quot;:&quot;classic&quot;}\">\n\t\t\t<div class=\"elementor-widget-wrap elementor-element-populated\">\n\t\t\t\t\t\t<div class=\"elementor-element elementor-element-3c69008 elementor-widget elementor-widget-heading\" data-id=\"3c69008\" data-element_type=\"widget\" data-widget_type=\"heading.default\">\n\t\t\t\t\t<h1 class=\"elementor-heading-title elementor-size-default\">SCOPRI I NOSTRI SERVIZI<\/h1>\t\t\t\t<\/div>\n\t\t\t\t<div class=\"elementor-element elementor-element-2c1274b elementor-widget elementor-widget-heading\" data-id=\"2c1274b\" data-element_type=\"widget\" data-widget_type=\"heading.default\">\n\t\t\t\t\t<h2 class=\"elementor-heading-title elementor-size-default\">PRENOTA ORA IL TUO TRANSFER<\/h2>\t\t\t\t<\/div>\n\t\t\t\t\t<\/div>\n\t\t<\/div>\n\t\t\t\t<div class=\"elementor-column elementor-col-33 elementor-inner-column elementor-element elementor-element-90ac902\" data-id=\"90ac902\" data-element_type=\"column\">\n\t\t\t<div class=\"elementor-widget-wrap\">\n\t\t\t\t\t\t\t<\/div>\n\t\t<\/div>\n\t\t\t\t\t<\/div>\n\t\t<\/section>\n\t\t\t\t<div class=\"elementor-element elementor-element-000a1d5 elementor-widget elementor-widget-spacer\" data-id=\"000a1d5\" data-element_type=\"widget\" data-widget_type=\"spacer.default\">\n\t\t\t\t\t\t\t<div class=\"elementor-spacer\">\n\t\t\t<div class=\"elementor-spacer-inner\"><\/div>\n\t\t<\/div>\n\t\t\t\t\t\t<\/div>\n\t\t\t\t\t<\/div>\n\t\t<\/div>\n\t\t\t\t\t<\/div>\n\t\t<\/section>\n\t\t\t\t<section class=\"elementor-section elementor-top-section elementor-element elementor-element-3cda902 elementor-section-boxed elementor-section-height-default elementor-section-height-default\" data-id=\"3cda902\" data-element_type=\"section\">\n\t\t\t\t\t\t<div class=\"elementor-container elementor-column-gap-default\">\n\t\t\t\t\t<div class=\"elementor-column elementor-col-100 elementor-top-column elementor-element elementor-element-1a5d7b0\" data-id=\"1a5d7b0\" data-element_type=\"column\">\n\t\t\t<div class=\"elementor-widget-wrap elementor-element-populated\">\n\t\t\t\t\t\t<div class=\"elementor-element elementor-element-50fc2a4 elementor-widget elementor-widget-spacer\" data-id=\"50fc2a4\" data-element_type=\"widget\" data-widget_type=\"spacer.default\">\n\t\t\t\t\t\t\t<div class=\"elementor-spacer\">\n\t\t\t<div class=\"elementor-spacer-inner\"><\/div>\n\t\t<\/div>\n\t\t\t\t\t\t<\/div>\n\t\t\t\t\t<\/div>\n\t\t<\/div>\n\t\t\t\t\t<\/div>\n\t\t<\/section>\n\t\t\t\t<section class=\"elementor-section elementor-top-section elementor-element elementor-element-d21624b elementor-section-boxed elementor-section-height-default elementor-section-height-default\" data-id=\"d21624b\" data-element_type=\"section\">\n\t\t\t\t\t\t<div class=\"elementor-container elementor-column-gap-default\">\n\t\t\t\t\t<div class=\"elementor-column elementor-col-100 elementor-top-column elementor-element elementor-element-bb61e0f\" data-id=\"bb61e0f\" data-element_type=\"column\">\n\t\t\t<div class=\"elementor-widget-wrap elementor-element-populated\">\n\t\t\t\t\t\t<div class=\"elementor-element elementor-element-5373dac elementor-widget elementor-widget-text-editor\" data-id=\"5373dac\" data-element_type=\"widget\" data-widget_type=\"text-editor.default\">\n\t\t\t\t\t\t\t\t\t<p>Non importa dove stai andando o dove vorrai essere domani, ClassGo ti porter\u00e0 esattamente dove vorai essere.<\/p>\t\t\t\t\t\t\t\t<\/div>\n\t\t\t\t<div class=\"elementor-element elementor-element-dff15da elementor-widget elementor-widget-spacer\" data-id=\"dff15da\" data-element_type=\"widget\" data-widget_type=\"spacer.default\">\n\t\t\t\t\t\t\t<div class=\"elementor-spacer\">\n\t\t\t<div class=\"elementor-spacer-inner\"><\/div>\n\t\t<\/div>\n\t\t\t\t\t\t<\/div>\n\t\t\t\t\t<\/div>\n\t\t<\/div>\n\t\t\t\t\t<\/div>\n\t\t<\/section>\n\t\t\t\t<section class=\"elementor-section elementor-top-section elementor-element elementor-element-62bdd2d elementor-section-boxed elementor-section-height-default elementor-section-height-default\" data-id=\"62bdd2d\" data-element_type=\"section\">\n\t\t\t\t\t\t<div class=\"elementor-container elementor-column-gap-default\">\n\t\t\t\t\t<div class=\"elementor-column elementor-col-100 elementor-top-column elementor-element elementor-element-e9b5cdc\" data-id=\"e9b5cdc\" data-element_type=\"column\">\n\t\t\t<div class=\"elementor-widget-wrap elementor-element-populated\">\n\t\t\t\t\t\t<div class=\"elementor-element elementor-element-f630b06 elementor-widget elementor-widget-heading\" data-id=\"f630b06\" data-element_type=\"widget\" data-widget_type=\"heading.default\">\n\t\t\t\t\t<span class=\"elementor-heading-title elementor-size-default\">Rilassati. Sei su ClassGo<\/span>\t\t\t\t<\/div>\n\t\t\t\t<div class=\"elementor-element elementor-element-63110d7 elementor-widget elementor-widget-spacer\" data-id=\"63110d7\" data-element_type=\"widget\" data-widget_type=\"spacer.default\">\n\t\t\t\t\t\t\t<div class=\"elementor-spacer\">\n\t\t\t<div class=\"elementor-spacer-inner\"><\/div>\n\t\t<\/div>\n\t\t\t\t\t\t<\/div>\n\t\t\t\t\t<\/div>\n\t\t<\/div>\n\t\t\t\t\t<\/div>\n\t\t<\/section>\n\t\t\t\t<section class=\"elementor-section elementor-top-section elementor-element elementor-element-8232109 elementor-section-boxed elementor-section-height-default elementor-section-height-default\" data-id=\"8232109\" data-element_type=\"section\">\n\t\t\t\t\t\t<div class=\"elementor-container elementor-column-gap-default\">\n\t\t\t\t\t<div class=\"elementor-column elementor-col-25 elementor-top-column elementor-element elementor-element-b3a42df\" data-id=\"b3a42df\" data-element_type=\"column\">\n\t\t\t<div class=\"elementor-widget-wrap elementor-element-populated\">\n\t\t\t\t\t\t<div class=\"elementor-element elementor-element-2524b02 elementor-position-top elementor-widget elementor-widget-image-box\" data-id=\"2524b02\" data-element_type=\"widget\" data-widget_type=\"image-box.default\">\n\t\t\t\t\t<div class=\"elementor-image-box-wrapper\"><figure class=\"elementor-image-box-img\"><img loading=\"lazy\" decoding=\"async\" width=\"86\" height=\"98\" src=\"https:\/\/classgo.com\/it\/wp-content\/uploads\/2017\/07\/Transfers-150x150.png\" class=\"attachment-thumbnail size-thumbnail wp-image-419\" alt=\"transfer milano\" \/><\/figure><div class=\"elementor-image-box-content\"><h3 class=\"elementor-image-box-title\">Transfer<\/h3><p class=\"elementor-image-box-description\">Monitoriamo il tracking del tuo volo, perci\u00f2 i nostri autisti sono sempre informati in tempo reale. Tenendo sempre conto di arrivi e partenze dei voli. Cos\u00ec saremo sempre puntuali al tuo arrivo.<\/p><\/div><\/div>\t\t\t\t<\/div>\n\t\t\t\t\t<\/div>\n\t\t<\/div>\n\t\t\t\t<div class=\"elementor-column elementor-col-25 elementor-top-column elementor-element elementor-element-900f860\" data-id=\"900f860\" data-element_type=\"column\">\n\t\t\t<div class=\"elementor-widget-wrap elementor-element-populated\">\n\t\t\t\t\t\t<div class=\"elementor-element elementor-element-bf883c1 elementor-position-top elementor-widget elementor-widget-image-box\" data-id=\"bf883c1\" data-element_type=\"widget\" data-widget_type=\"image-box.default\">\n\t\t\t\t\t<div class=\"elementor-image-box-wrapper\"><figure class=\"elementor-image-box-img\"><img loading=\"lazy\" decoding=\"async\" width=\"86\" height=\"97\" src=\"https:\/\/classgo.com\/it\/wp-content\/uploads\/2017\/07\/HourlyRate-150x150.png\" class=\"attachment-full size-full wp-image-417\" alt=\"noleggio auto con autista ad ore\" \/><\/figure><div class=\"elementor-image-box-content\"><h3 class=\"elementor-image-box-title\">Tariffa oraria<\/h3><p class=\"elementor-image-box-description\">Ti serve un autista professionista o di un servizio di chauffeur anche per 1 ora? Forniamo entrambi con disposizioni orarie garantendo sempre tutta la precisione che ci distingue<\/p><\/div><\/div>\t\t\t\t<\/div>\n\t\t\t\t\t<\/div>\n\t\t<\/div>\n\t\t\t\t<div class=\"elementor-column elementor-col-25 elementor-top-column elementor-element elementor-element-9722d77\" data-id=\"9722d77\" data-element_type=\"column\">\n\t\t\t<div class=\"elementor-widget-wrap elementor-element-populated\">\n\t\t\t\t\t\t<div class=\"elementor-element elementor-element-4059cad elementor-position-top elementor-widget elementor-widget-image-box\" data-id=\"4059cad\" data-element_type=\"widget\" data-widget_type=\"image-box.default\">\n\t\t\t\t\t<div class=\"elementor-image-box-wrapper\"><figure class=\"elementor-image-box-img\"><img loading=\"lazy\" decoding=\"async\" width=\"85\" height=\"97\" src=\"https:\/\/classgo.com\/it\/wp-content\/uploads\/2017\/07\/MeetGreet-150x150.png\" class=\"attachment-full size-full wp-image-418\" alt=\"\" \/><\/figure><div class=\"elementor-image-box-content\"><h3 class=\"elementor-image-box-title\">Accoglienza<\/h3><p class=\"elementor-image-box-description\">Accogliere i clienti di persona all\u2019aeroporto \u00e8 il primo obiettivo per un servizio di 1\u00b0 Classe. Ci troverai ad attenderti all\u2019aeroporto con un cartello di benvenuto e pronti ad aiutarti con i bagagli.<\/p><\/div><\/div>\t\t\t\t<\/div>\n\t\t\t\t\t<\/div>\n\t\t<\/div>\n\t\t\t\t<div class=\"elementor-column elementor-col-25 elementor-top-column elementor-element elementor-element-7ce5035\" data-id=\"7ce5035\" data-element_type=\"column\">\n\t\t\t<div class=\"elementor-widget-wrap elementor-element-populated\">\n\t\t\t\t\t\t<div class=\"elementor-element elementor-element-54bf46d elementor-position-top elementor-widget elementor-widget-image-box\" data-id=\"54bf46d\" data-element_type=\"widget\" data-widget_type=\"image-box.default\">\n\t\t\t\t\t<div class=\"elementor-image-box-wrapper\"><figure class=\"elementor-image-box-img\"><img loading=\"lazy\" decoding=\"async\" width=\"86\" height=\"97\" src=\"https:\/\/classgo.com\/it\/wp-content\/uploads\/2017\/07\/Concierge-150x150.png\" class=\"attachment-full size-full wp-image-416\" alt=\"concierge\" \/><\/figure><div class=\"elementor-image-box-content\"><h3 class=\"elementor-image-box-title\">Concierge<\/h3><p class=\"elementor-image-box-description\">Il nostro call center \u00e8 disponibile 24\/7 tutto l'anno. Se vorrai potr\u00e0 esseri d'aiuto per prenotare ristoranti e hotel, oltre a suggerire eventi e attivit\u00e0 in programmazione. Non esitare a chiamare!<\/p><\/div><\/div>\t\t\t\t<\/div>\n\t\t\t\t\t<\/div>\n\t\t<\/div>\n\t\t\t\t\t<\/div>\n\t\t<\/section>\n\t\t\t\t<section class=\"elementor-section elementor-top-section elementor-element elementor-element-9fb047f elementor-section-boxed elementor-section-height-default elementor-section-height-default\" data-id=\"9fb047f\" data-element_type=\"section\">\n\t\t\t\t\t\t<div class=\"elementor-container elementor-column-gap-default\">\n\t\t\t\t\t<div class=\"elementor-column elementor-col-100 elementor-top-column elementor-element elementor-element-6359ee8\" data-id=\"6359ee8\" data-element_type=\"column\">\n\t\t\t<div class=\"elementor-widget-wrap elementor-element-populated\">\n\t\t\t\t\t\t<div class=\"elementor-element elementor-element-0f60a51 elementor-widget elementor-widget-spacer\" data-id=\"0f60a51\" data-element_type=\"widget\" data-widget_type=\"spacer.default\">\n\t\t\t\t\t\t\t<div class=\"elementor-spacer\">\n\t\t\t<div class=\"elementor-spacer-inner\"><\/div>\n\t\t<\/div>\n\t\t\t\t\t\t<\/div>\n\t\t\t\t<div class=\"elementor-element elementor-element-3fa589e elementor-widget elementor-widget-heading\" data-id=\"3fa589e\" data-element_type=\"widget\" data-widget_type=\"heading.default\">\n\t\t\t\t\t<span class=\"elementor-heading-title elementor-size-default\">Perch\u00e9 il Servizio ClassGo \u00e8 di 1\u00b0 Classe<\/span>\t\t\t\t<\/div>\n\t\t\t\t<div class=\"elementor-element elementor-element-a52449f elementor-widget elementor-widget-spacer\" data-id=\"a52449f\" data-element_type=\"widget\" data-widget_type=\"spacer.default\">\n\t\t\t\t\t\t\t<div class=\"elementor-spacer\">\n\t\t\t<div class=\"elementor-spacer-inner\"><\/div>\n\t\t<\/div>\n\t\t\t\t\t\t<\/div>\n\t\t\t\t\t<\/div>\n\t\t<\/div>\n\t\t\t\t\t<\/div>\n\t\t<\/section>\n\t\t\t\t<section class=\"elementor-section elementor-top-section elementor-element elementor-element-f048882 elementor-section-boxed elementor-section-height-default elementor-section-height-default\" data-id=\"f048882\" data-element_type=\"section\">\n\t\t\t\t\t\t<div class=\"elementor-container elementor-column-gap-default\">\n\t\t\t\t\t<div class=\"elementor-column elementor-col-100 elementor-top-column elementor-element elementor-element-8f9759e\" data-id=\"8f9759e\" data-element_type=\"column\">\n\t\t\t<div class=\"elementor-widget-wrap elementor-element-populated\">\n\t\t\t\t\t\t<div class=\"elementor-element elementor-element-0a0585e elementor-widget elementor-widget-text-editor\" data-id=\"0a0585e\" data-element_type=\"widget\" data-widget_type=\"text-editor.default\">\n\t\t\t\t\t\t\t\t\t<p>Per dire che un servizio \u00e8 di 1\u00b0 Classe, con autisti professionisti e preparati, con autoveicoli nuovi e completi di tutti gli optional per rendere il tuo transfer il pi\u00f9 piacevole possibile \u00e8 solo una parte. Infatti se fosse cos\u00ec semplice, offrire il servizio di noleggio auto con autista sarebbe quasi alla portata di chiunque.<\/p><p>Per noi un servizio ncc professionale e di 1\u00b0 Classe vuol dire prendersi cura dei clienti anche quando non sono seduti in una delle nostre auto. Ecco perch\u00e9 abbiamo aperto la visione del noleggio con autista dedicando del tempo a capire quali sono le richieste e le aspettative dei nostri clienti. Se ci fossimo limitati al semplice transfer sarebbe stato riduttivo e saremmo stati uguali a tutti gli altri servizi di noleggio con conducente.<\/p><p>Ad esempio possiamo darti ottimi consigli su cosa fare o dove andare a cena a Milano. Cosa vedere e quali zone sono le pi\u00f9 suggestive da visitare, in base ai tuoi interessi e alle tue aspettative. Prenotare per te e per i tuoi ospiti visite guidate alla Pinacoteca di Brera o un tour di Milano con visita all&#8217;interno della Galleria Duomo e vedere dall&#8217;alto la suggestiva architettura, magari passando la serata sulla terrazza Martini con una splendida vista sulla movida milanese.<\/p><p>Questi sono solo alcuni esempi di quanto possiamo fare perch\u00e9 la tua permanenza a Milano sia la pi\u00f9 bella e indimenticabile possibile, ma contattandoci potremo darti molte altre alternative. ClassGo si pone come tuo punto di riferimento, dandoti qualcosa in pi\u00f9 che gli altri non fanno: prendersi cura del cliente come se fosse un nostro ospite.\u00a0<\/p>\t\t\t\t\t\t\t\t<\/div>\n\t\t\t\t<div class=\"elementor-element elementor-element-c3e94ca elementor-widget elementor-widget-spacer\" data-id=\"c3e94ca\" data-element_type=\"widget\" data-widget_type=\"spacer.default\">\n\t\t\t\t\t\t\t<div class=\"elementor-spacer\">\n\t\t\t<div class=\"elementor-spacer-inner\"><\/div>\n\t\t<\/div>\n\t\t\t\t\t\t<\/div>\n\t\t\t\t\t<\/div>\n\t\t<\/div>\n\t\t\t\t\t<\/div>\n\t\t<\/section>\n\t\t\t\t<section class=\"elementor-section elementor-top-section elementor-element elementor-element-aadd2df elementor-section-boxed elementor-section-height-default elementor-section-height-default\" data-id=\"aadd2df\" data-element_type=\"section\">\n\t\t\t\t\t\t<div class=\"elementor-container elementor-column-gap-default\">\n\t\t\t\t\t<div class=\"elementor-column elementor-col-25 elementor-top-column elementor-element elementor-element-c54f978\" data-id=\"c54f978\" data-element_type=\"column\">\n\t\t\t<div class=\"elementor-widget-wrap elementor-element-populated\">\n\t\t\t\t\t\t<div class=\"elementor-element elementor-element-9a85c5e elementor-position-top elementor-widget elementor-widget-image-box\" data-id=\"9a85c5e\" data-element_type=\"widget\" data-widget_type=\"image-box.default\">\n\t\t\t\t\t<div class=\"elementor-image-box-wrapper\"><figure class=\"elementor-image-box-img\"><img loading=\"lazy\" decoding=\"async\" width=\"132\" height=\"150\" src=\"https:\/\/classgo.com\/it\/wp-content\/uploads\/2023\/02\/EasyToBook-1024x640-1-132x150.png\" class=\"attachment-thumbnail size-thumbnail wp-image-4305\" alt=\"prenota servizio\" srcset=\"https:\/\/classgo.com\/it\/wp-content\/uploads\/2023\/02\/EasyToBook-1024x640-1-132x150.png 132w, https:\/\/classgo.com\/it\/wp-content\/uploads\/2023\/02\/EasyToBook-1024x640-1-265x300.png 265w, https:\/\/classgo.com\/it\/wp-content\/uploads\/2023\/02\/EasyToBook-1024x640-1.png 367w\" sizes=\"auto, (max-width: 132px) 100vw, 132px\" \/><\/figure><div class=\"elementor-image-box-content\"><h3 class=\"elementor-image-box-title\">Prenota<\/h3><p class=\"elementor-image-box-description\">Lo stress sar\u00e0 un ricordo, grazie a noi. Puoi star certo che l\u2019autista sar\u00e0 ad attenderti. Saprai anche in anticipo quanto dovrai pagare.<\/p><\/div><\/div>\t\t\t\t<\/div>\n\t\t\t\t\t<\/div>\n\t\t<\/div>\n\t\t\t\t<div class=\"elementor-column elementor-col-25 elementor-top-column elementor-element elementor-element-a3a4a02\" data-id=\"a3a4a02\" data-element_type=\"column\">\n\t\t\t<div class=\"elementor-widget-wrap elementor-element-populated\">\n\t\t\t\t\t\t<div class=\"elementor-element elementor-element-681cc22 elementor-position-top elementor-widget elementor-widget-image-box\" data-id=\"681cc22\" data-element_type=\"widget\" data-widget_type=\"image-box.default\">\n\t\t\t\t\t<div class=\"elementor-image-box-wrapper\"><figure class=\"elementor-image-box-img\"><img loading=\"lazy\" decoding=\"async\" width=\"367\" height=\"416\" src=\"https:\/\/classgo.com\/it\/wp-content\/uploads\/2017\/07\/Waiting-1024x640.png\" class=\"attachment-full size-full wp-image-438\" alt=\"tempi di attesa\" srcset=\"https:\/\/classgo.com\/it\/wp-content\/uploads\/2017\/07\/Waiting-1024x640.png 367w, https:\/\/classgo.com\/it\/wp-content\/uploads\/2017\/07\/Waiting-1024x640-132x150.png 132w, https:\/\/classgo.com\/it\/wp-content\/uploads\/2017\/07\/Waiting-1024x640-265x300.png 265w\" sizes=\"auto, (max-width: 367px) 100vw, 367px\" \/><\/figure><div class=\"elementor-image-box-content\"><h3 class=\"elementor-image-box-title\">Tempo di attesa<\/h3><p class=\"elementor-image-box-description\">Il tempo di attesa gratuito e compreso \u00e8 di: 20 minuti nei transfer in citt\u00e0 e 60 minuti in aeroporto. Non c\u2019\u00e8 motivo di correre, Fai con calma.<\/p><\/div><\/div>\t\t\t\t<\/div>\n\t\t\t\t\t<\/div>\n\t\t<\/div>\n\t\t\t\t<div class=\"elementor-column elementor-col-25 elementor-top-column elementor-element elementor-element-12eff9b\" data-id=\"12eff9b\" data-element_type=\"column\">\n\t\t\t<div class=\"elementor-widget-wrap elementor-element-populated\">\n\t\t\t\t\t\t<div class=\"elementor-element elementor-element-7d5b440 elementor-position-top elementor-widget elementor-widget-image-box\" data-id=\"7d5b440\" data-element_type=\"widget\" data-widget_type=\"image-box.default\">\n\t\t\t\t\t<div class=\"elementor-image-box-wrapper\"><figure class=\"elementor-image-box-img\"><img loading=\"lazy\" decoding=\"async\" width=\"368\" height=\"416\" src=\"https:\/\/classgo.com\/it\/wp-content\/uploads\/2017\/07\/StressFree-1024x640.png\" class=\"attachment-full size-full wp-image-437\" alt=\"rilassati\" srcset=\"https:\/\/classgo.com\/it\/wp-content\/uploads\/2017\/07\/StressFree-1024x640.png 368w, https:\/\/classgo.com\/it\/wp-content\/uploads\/2017\/07\/StressFree-1024x640-133x150.png 133w, https:\/\/classgo.com\/it\/wp-content\/uploads\/2017\/07\/StressFree-1024x640-265x300.png 265w\" sizes=\"auto, (max-width: 368px) 100vw, 368px\" \/><\/figure><div class=\"elementor-image-box-content\"><h3 class=\"elementor-image-box-title\">No Stress<\/h3><p class=\"elementor-image-box-description\">Con noi eviterai i fastidi: non farai la fila per il taxi, risparmierai tempo e sarai sicuro di raggiungere la tua destinazione puntuale.<\/p><\/div><\/div>\t\t\t\t<\/div>\n\t\t\t\t\t<\/div>\n\t\t<\/div>\n\t\t\t\t<div class=\"elementor-column elementor-col-25 elementor-top-column elementor-element elementor-element-4413c05\" data-id=\"4413c05\" data-element_type=\"column\">\n\t\t\t<div class=\"elementor-widget-wrap elementor-element-populated\">\n\t\t\t\t\t\t<div class=\"elementor-element elementor-element-810b537 elementor-position-top elementor-widget elementor-widget-image-box\" data-id=\"810b537\" data-element_type=\"widget\" data-widget_type=\"image-box.default\">\n\t\t\t\t\t<div class=\"elementor-image-box-wrapper\"><figure class=\"elementor-image-box-img\"><img loading=\"lazy\" decoding=\"async\" width=\"368\" height=\"416\" src=\"https:\/\/classgo.com\/it\/wp-content\/uploads\/2017\/07\/FreeWifi-1024x640.png\" class=\"attachment-full size-full wp-image-436\" alt=\"wi-fi in auto\" srcset=\"https:\/\/classgo.com\/it\/wp-content\/uploads\/2017\/07\/FreeWifi-1024x640.png 368w, https:\/\/classgo.com\/it\/wp-content\/uploads\/2017\/07\/FreeWifi-1024x640-133x150.png 133w, https:\/\/classgo.com\/it\/wp-content\/uploads\/2017\/07\/FreeWifi-1024x640-265x300.png 265w\" sizes=\"auto, (max-width: 368px) 100vw, 368px\" \/><\/figure><div class=\"elementor-image-box-content\"><h3 class=\"elementor-image-box-title\">Wifi Incluso<\/h3><p class=\"elementor-image-box-description\">Le nostre auto sono dotate e offrono una connessione WiF sicura. Usando la nostra connessione, eviterai costi extra per internet e chiamate.<\/p><\/div><\/div>\t\t\t\t<\/div>\n\t\t\t\t\t<\/div>\n\t\t<\/div>\n\t\t\t\t\t<\/div>\n\t\t<\/section>\n\t\t\t\t<section class=\"elementor-section elementor-top-section elementor-element elementor-element-0bc0c11 elementor-section-boxed elementor-section-height-default elementor-section-height-default\" data-id=\"0bc0c11\" data-element_type=\"section\">\n\t\t\t\t\t\t<div class=\"elementor-container elementor-column-gap-default\">\n\t\t\t\t\t<div class=\"elementor-column elementor-col-100 elementor-top-column elementor-element elementor-element-15bd74b\" data-id=\"15bd74b\" data-element_type=\"column\">\n\t\t\t<div class=\"elementor-widget-wrap elementor-element-populated\">\n\t\t\t\t\t\t<div class=\"elementor-element elementor-element-032a220 elementor-widget elementor-widget-spacer\" data-id=\"032a220\" data-element_type=\"widget\" data-widget_type=\"spacer.default\">\n\t\t\t\t\t\t\t<div class=\"elementor-spacer\">\n\t\t\t<div class=\"elementor-spacer-inner\"><\/div>\n\t\t<\/div>\n\t\t\t\t\t\t<\/div>\n\t\t\t\t\t<\/div>\n\t\t<\/div>\n\t\t\t\t\t<\/div>\n\t\t<\/section>\n\t\t\t\t<\/div>\n\t\t","protected":false},"excerpt":{"rendered":"<p>SCOPRI I NOSTRI SERVIZI PRENOTA ORA IL TUO TRANSFER Non importa dove stai andando o dove vorrai essere domani, ClassGo ti porter\u00e0 esattamente dove vorai essere. Rilassati. Sei su ClassGo Transfer Monitoriamo il tracking del tuo volo, perci\u00f2 i nostri autisti sono sempre informati in tempo reale. Tenendo sempre conto di arrivi e partenze dei [&hellip;]<\/p>\n","protected":false},"author":5,"featured_media":0,"parent":0,"menu_order":0,"comment_status":"closed","ping_status":"closed","template":"","meta":{"footnotes":""},"class_list":["post-1218","page","type-page","status-publish","hentry"],"_links":{"self":[{"href":"https:\/\/classgo.com\/it\/wp-json\/wp\/v2\/pages\/1218","targetHints":{"allow":["GET"]}}],"collection":[{"href":"https:\/\/classgo.com\/it\/wp-json\/wp\/v2\/pages"}],"about":[{"href":"https:\/\/classgo.com\/it\/wp-json\/wp\/v2\/types\/page"}],"author":[{"embeddable":true,"href":"https:\/\/classgo.com\/it\/wp-json\/wp\/v2\/users\/5"}],"replies":[{"embeddable":true,"href":"https:\/\/classgo.com\/it\/wp-json\/wp\/v2\/comments?post=1218"}],"version-history":[{"count":0,"href":"https:\/\/classgo.com\/it\/wp-json\/wp\/v2\/pages\/1218\/revisions"}],"wp:attachment":[{"href":"https:\/\/classgo.com\/it\/wp-json\/wp\/v2\/media?parent=1218"}],"curies":[{"name":"wp","href":"https:\/\/api.w.org\/{rel}","templated":true}]}}