{"id":1259,"date":"2017-07-10T13:31:42","date_gmt":"2017-07-10T13:31:42","guid":{"rendered":"https:\/\/classgo.com\/it\/lavora-con-noi\/"},"modified":"2025-02-04T23:40:54","modified_gmt":"2025-02-04T23:40:54","slug":"lavora-con-noi","status":"publish","type":"page","link":"https:\/\/classgo.com\/it\/lavora-con-noi\/","title":{"rendered":"Lavora con Noi"},"content":{"rendered":"\t\t<div data-elementor-type=\"wp-page\" data-elementor-id=\"1259\" class=\"elementor elementor-1259\" data-elementor-post-type=\"page\">\n\t\t\t\t\t\t<section class=\"elementor-section elementor-top-section elementor-element elementor-element-bfcdfdc elementor-section-boxed elementor-section-height-default elementor-section-height-default\" data-id=\"bfcdfdc\" data-element_type=\"section\" data-settings=\"{&quot;background_background&quot;:&quot;classic&quot;}\">\n\t\t\t\t\t\t<div class=\"elementor-container elementor-column-gap-default\">\n\t\t\t\t\t<div class=\"elementor-column elementor-col-100 elementor-top-column elementor-element elementor-element-85b676e\" data-id=\"85b676e\" data-element_type=\"column\">\n\t\t\t<div class=\"elementor-widget-wrap elementor-element-populated\">\n\t\t\t\t\t\t<div class=\"elementor-element elementor-element-35ff321 elementor-widget elementor-widget-spacer\" data-id=\"35ff321\" data-element_type=\"widget\" data-widget_type=\"spacer.default\">\n\t\t\t\t\t\t\t<div class=\"elementor-spacer\">\n\t\t\t<div class=\"elementor-spacer-inner\"><\/div>\n\t\t<\/div>\n\t\t\t\t\t\t<\/div>\n\t\t\t\t<section class=\"elementor-section elementor-inner-section elementor-element elementor-element-70c9258 elementor-section-boxed elementor-section-height-default elementor-section-height-default\" data-id=\"70c9258\" data-element_type=\"section\">\n\t\t\t\t\t\t<div class=\"elementor-container elementor-column-gap-default\">\n\t\t\t\t\t<div class=\"elementor-column elementor-col-33 elementor-inner-column elementor-element elementor-element-08208a9\" data-id=\"08208a9\" data-element_type=\"column\">\n\t\t\t<div class=\"elementor-widget-wrap\">\n\t\t\t\t\t\t\t<\/div>\n\t\t<\/div>\n\t\t\t\t<div class=\"elementor-column elementor-col-33 elementor-inner-column elementor-element elementor-element-b582df9\" data-id=\"b582df9\" data-element_type=\"column\" data-settings=\"{&quot;background_background&quot;:&quot;classic&quot;}\">\n\t\t\t<div class=\"elementor-widget-wrap elementor-element-populated\">\n\t\t\t\t\t\t<div class=\"elementor-element elementor-element-938e9c5 elementor-widget elementor-widget-heading\" data-id=\"938e9c5\" data-element_type=\"widget\" data-widget_type=\"heading.default\">\n\t\t\t\t\t<h1 class=\"elementor-heading-title elementor-size-default\">LAVORA CON NOI<\/h1>\t\t\t\t<\/div>\n\t\t\t\t\t<\/div>\n\t\t<\/div>\n\t\t\t\t<div class=\"elementor-column elementor-col-33 elementor-inner-column elementor-element elementor-element-a83fd31\" data-id=\"a83fd31\" data-element_type=\"column\">\n\t\t\t<div class=\"elementor-widget-wrap\">\n\t\t\t\t\t\t\t<\/div>\n\t\t<\/div>\n\t\t\t\t\t<\/div>\n\t\t<\/section>\n\t\t\t\t<div class=\"elementor-element elementor-element-49511aa elementor-widget elementor-widget-spacer\" data-id=\"49511aa\" data-element_type=\"widget\" data-widget_type=\"spacer.default\">\n\t\t\t\t\t\t\t<div class=\"elementor-spacer\">\n\t\t\t<div class=\"elementor-spacer-inner\"><\/div>\n\t\t<\/div>\n\t\t\t\t\t\t<\/div>\n\t\t\t\t\t<\/div>\n\t\t<\/div>\n\t\t\t\t\t<\/div>\n\t\t<\/section>\n\t\t\t\t<section class=\"elementor-section elementor-top-section elementor-element elementor-element-ea1ff3e elementor-section-boxed elementor-section-height-default elementor-section-height-default\" data-id=\"ea1ff3e\" data-element_type=\"section\">\n\t\t\t\t\t\t<div class=\"elementor-container elementor-column-gap-default\">\n\t\t\t\t\t<div class=\"elementor-column elementor-col-100 elementor-top-column elementor-element elementor-element-e1a59ca\" data-id=\"e1a59ca\" data-element_type=\"column\">\n\t\t\t<div class=\"elementor-widget-wrap elementor-element-populated\">\n\t\t\t\t\t\t<div class=\"elementor-element elementor-element-2aab8c1 elementor-widget elementor-widget-spacer\" data-id=\"2aab8c1\" data-element_type=\"widget\" data-widget_type=\"spacer.default\">\n\t\t\t\t\t\t\t<div class=\"elementor-spacer\">\n\t\t\t<div class=\"elementor-spacer-inner\"><\/div>\n\t\t<\/div>\n\t\t\t\t\t\t<\/div>\n\t\t\t\t\t<\/div>\n\t\t<\/div>\n\t\t\t\t\t<\/div>\n\t\t<\/section>\n\t\t\t\t<section class=\"elementor-section elementor-top-section elementor-element elementor-element-0cc1339 elementor-section-boxed elementor-section-height-default elementor-section-height-default\" data-id=\"0cc1339\" data-element_type=\"section\">\n\t\t\t\t\t\t<div class=\"elementor-container elementor-column-gap-default\">\n\t\t\t\t\t<div class=\"elementor-column elementor-col-33 elementor-top-column elementor-element elementor-element-ffe4440\" data-id=\"ffe4440\" data-element_type=\"column\">\n\t\t\t<div class=\"elementor-widget-wrap elementor-element-populated\">\n\t\t\t\t\t\t<div class=\"elementor-element elementor-element-ecf3ec3 elementor-position-top elementor-widget elementor-widget-image-box\" data-id=\"ecf3ec3\" data-element_type=\"widget\" data-widget_type=\"image-box.default\">\n\t\t\t\t\t<div class=\"elementor-image-box-wrapper\"><figure class=\"elementor-image-box-img\"><img loading=\"lazy\" decoding=\"async\" width=\"368\" height=\"416\" src=\"https:\/\/classgo.com\/it\/wp-content\/uploads\/2017\/07\/TransRevolution-1024x640.png\" class=\"attachment-full size-full wp-image-691\" alt=\"transfer milano\" srcset=\"https:\/\/classgo.com\/it\/wp-content\/uploads\/2017\/07\/TransRevolution-1024x640.png 368w, https:\/\/classgo.com\/it\/wp-content\/uploads\/2017\/07\/TransRevolution-1024x640-133x150.png 133w, https:\/\/classgo.com\/it\/wp-content\/uploads\/2017\/07\/TransRevolution-1024x640-265x300.png 265w\" sizes=\"auto, (max-width: 368px) 100vw, 368px\" \/><\/figure><div class=\"elementor-image-box-content\"><h3 class=\"elementor-image-box-title\">Transportation Revolution<\/h3><p class=\"elementor-image-box-description\">Stiamo assistendo ad una rivoluzione della mobilit\u00e0, grazie ad un servizio auto disponibile con un dito. Comodo, utile, e semplice. Siamo fieri di portare ClassGo in Italia. Sta succedendo ora, questo \u00e8 il momento migliore per lavorare con noi.<\/p><\/div><\/div>\t\t\t\t<\/div>\n\t\t\t\t\t<\/div>\n\t\t<\/div>\n\t\t\t\t<div class=\"elementor-column elementor-col-33 elementor-top-column elementor-element elementor-element-e8f3ddf\" data-id=\"e8f3ddf\" data-element_type=\"column\">\n\t\t\t<div class=\"elementor-widget-wrap elementor-element-populated\">\n\t\t\t\t\t\t<div class=\"elementor-element elementor-element-50252aa elementor-position-top elementor-widget elementor-widget-image-box\" data-id=\"50252aa\" data-element_type=\"widget\" data-widget_type=\"image-box.default\">\n\t\t\t\t\t<div class=\"elementor-image-box-wrapper\"><figure class=\"elementor-image-box-img\"><img loading=\"lazy\" decoding=\"async\" width=\"369\" height=\"416\" src=\"https:\/\/classgo.com\/it\/wp-content\/uploads\/2023\/02\/All-inclusive-1024x640-1.png\" class=\"attachment-full size-full wp-image-4306\" alt=\"servizio tutto compreso\" srcset=\"https:\/\/classgo.com\/it\/wp-content\/uploads\/2023\/02\/All-inclusive-1024x640-1.png 369w, https:\/\/classgo.com\/it\/wp-content\/uploads\/2023\/02\/All-inclusive-1024x640-1-266x300.png 266w, https:\/\/classgo.com\/it\/wp-content\/uploads\/2023\/02\/All-inclusive-1024x640-1-133x150.png 133w\" sizes=\"auto, (max-width: 369px) 100vw, 369px\" \/><\/figure><div class=\"elementor-image-box-content\"><h3 class=\"elementor-image-box-title\">Massima Flessibilit\u00e0 sul Lavoro<\/h3><p class=\"elementor-image-box-description\">ClassGo ti concede tutta la flessibilit\u00e0 sul lavoro di cui hai bisogno, per farti sentire a casa. Permettiamo di lavorare con orario flessibile o in remoto, quando possibile, perch\u00e9 crediamo che un ottimo lavoro di squadra renda ad ognuno maggiore libert\u00e0.<\/p><\/div><\/div>\t\t\t\t<\/div>\n\t\t\t\t\t<\/div>\n\t\t<\/div>\n\t\t\t\t<div class=\"elementor-column elementor-col-33 elementor-top-column elementor-element elementor-element-0ce9a36\" data-id=\"0ce9a36\" data-element_type=\"column\">\n\t\t\t<div class=\"elementor-widget-wrap elementor-element-populated\">\n\t\t\t\t\t\t<div class=\"elementor-element elementor-element-9a03ab8 elementor-position-top elementor-widget elementor-widget-image-box\" data-id=\"9a03ab8\" data-element_type=\"widget\" data-widget_type=\"image-box.default\">\n\t\t\t\t\t<div class=\"elementor-image-box-wrapper\"><figure class=\"elementor-image-box-img\"><img loading=\"lazy\" decoding=\"async\" width=\"368\" height=\"416\" src=\"https:\/\/classgo.com\/it\/wp-content\/uploads\/2023\/02\/Cashless-1024x640-1.png\" class=\"attachment-full size-full wp-image-4307\" alt=\"pagamento elettronico a bordo\" srcset=\"https:\/\/classgo.com\/it\/wp-content\/uploads\/2023\/02\/Cashless-1024x640-1.png 368w, https:\/\/classgo.com\/it\/wp-content\/uploads\/2023\/02\/Cashless-1024x640-1-265x300.png 265w, https:\/\/classgo.com\/it\/wp-content\/uploads\/2023\/02\/Cashless-1024x640-1-133x150.png 133w\" sizes=\"auto, (max-width: 368px) 100vw, 368px\" \/><\/figure><div class=\"elementor-image-box-content\"><h3 class=\"elementor-image-box-title\">Tutti i Vantaggi che classgo ti pu\u00f2 dare<\/h3><p class=\"elementor-image-box-description\">ClassGo offre ai propri lavoratori un pacchetto veramente competitivo, con tante  svariate soluzioni, pensate su misura per te. Per venire incontro alle esigenze e ai differenti bisogni.<\/p><\/div><\/div>\t\t\t\t<\/div>\n\t\t\t\t\t<\/div>\n\t\t<\/div>\n\t\t\t\t\t<\/div>\n\t\t<\/section>\n\t\t\t\t<section class=\"elementor-section elementor-top-section elementor-element elementor-element-78be46b elementor-section-boxed elementor-section-height-default elementor-section-height-default\" data-id=\"78be46b\" data-element_type=\"section\">\n\t\t\t\t\t\t<div class=\"elementor-container elementor-column-gap-default\">\n\t\t\t\t\t<div class=\"elementor-column elementor-col-100 elementor-top-column elementor-element elementor-element-a280fea\" data-id=\"a280fea\" data-element_type=\"column\">\n\t\t\t<div class=\"elementor-widget-wrap elementor-element-populated\">\n\t\t\t\t\t\t<div class=\"elementor-element elementor-element-c4cd546 elementor-widget elementor-widget-spacer\" data-id=\"c4cd546\" data-element_type=\"widget\" data-widget_type=\"spacer.default\">\n\t\t\t\t\t\t\t<div class=\"elementor-spacer\">\n\t\t\t<div class=\"elementor-spacer-inner\"><\/div>\n\t\t<\/div>\n\t\t\t\t\t\t<\/div>\n\t\t\t\t<div class=\"elementor-element elementor-element-5764a73 elementor-widget elementor-widget-heading\" data-id=\"5764a73\" data-element_type=\"widget\" data-widget_type=\"heading.default\">\n\t\t\t\t\t<h2 class=\"elementor-heading-title elementor-size-default\">Invia la Tua Candidatura<\/h2>\t\t\t\t<\/div>\n\t\t\t\t<div class=\"elementor-element elementor-element-9780ab9 elementor-widget elementor-widget-spacer\" data-id=\"9780ab9\" data-element_type=\"widget\" data-widget_type=\"spacer.default\">\n\t\t\t\t\t\t\t<div class=\"elementor-spacer\">\n\t\t\t<div class=\"elementor-spacer-inner\"><\/div>\n\t\t<\/div>\n\t\t\t\t\t\t<\/div>\n\t\t\t\t\t<\/div>\n\t\t<\/div>\n\t\t\t\t\t<\/div>\n\t\t<\/section>\n\t\t\t\t<section class=\"elementor-section elementor-top-section elementor-element elementor-element-0b4ca06 elementor-section-boxed elementor-section-height-default elementor-section-height-default\" data-id=\"0b4ca06\" data-element_type=\"section\">\n\t\t\t\t\t\t<div class=\"elementor-container elementor-column-gap-default\">\n\t\t\t\t\t<div class=\"elementor-column elementor-col-100 elementor-top-column elementor-element elementor-element-0b30b99\" data-id=\"0b30b99\" data-element_type=\"column\">\n\t\t\t<div class=\"elementor-widget-wrap\">\n\t\t\t\t\t\t\t<\/div>\n\t\t<\/div>\n\t\t\t\t\t<\/div>\n\t\t<\/section>\n\t\t\t\t<\/div>\n\t\t","protected":false},"excerpt":{"rendered":"<p>LAVORA CON NOI Transportation Revolution Stiamo assistendo ad una rivoluzione della mobilit\u00e0, grazie ad un servizio auto disponibile con un dito. Comodo, utile, e semplice. Siamo fieri di portare ClassGo in Italia. Sta succedendo ora, questo \u00e8 il momento migliore per lavorare con noi. Massima Flessibilit\u00e0 sul Lavoro ClassGo ti concede tutta la flessibilit\u00e0 sul [&hellip;]<\/p>\n","protected":false},"author":5,"featured_media":0,"parent":0,"menu_order":0,"comment_status":"closed","ping_status":"closed","template":"","meta":{"footnotes":""},"class_list":["post-1259","page","type-page","status-publish","hentry"],"_links":{"self":[{"href":"https:\/\/classgo.com\/it\/wp-json\/wp\/v2\/pages\/1259","targetHints":{"allow":["GET"]}}],"collection":[{"href":"https:\/\/classgo.com\/it\/wp-json\/wp\/v2\/pages"}],"about":[{"href":"https:\/\/classgo.com\/it\/wp-json\/wp\/v2\/types\/page"}],"author":[{"embeddable":true,"href":"https:\/\/classgo.com\/it\/wp-json\/wp\/v2\/users\/5"}],"replies":[{"embeddable":true,"href":"https:\/\/classgo.com\/it\/wp-json\/wp\/v2\/comments?post=1259"}],"version-history":[{"count":0,"href":"https:\/\/classgo.com\/it\/wp-json\/wp\/v2\/pages\/1259\/revisions"}],"wp:attachment":[{"href":"https:\/\/classgo.com\/it\/wp-json\/wp\/v2\/media?parent=1259"}],"curies":[{"name":"wp","href":"https:\/\/api.w.org\/{rel}","templated":true}]}}